{"id":4897,"date":"2016-06-24T08:44:48","date_gmt":"2016-06-24T08:44:48","guid":{"rendered":"http:\/\/capethemes.com\/demo\/cityofwp\/?page_id=4897"},"modified":"2021-03-08T05:21:23","modified_gmt":"2021-03-08T05:21:23","slug":"business","status":"publish","type":"page","link":"https:\/\/seminariospc.edu.co\/?page_id=4897","title":{"rendered":"S\u00edmbolos Institucionales"},"content":{"rendered":"\t\t<div data-elementor-type=\"wp-page\" data-elementor-id=\"4897\" class=\"elementor elementor-4897\" data-elementor-settings=\"[]\">\n\t\t\t\t\t\t\t<div class=\"elementor-section-wrap\">\n\t\t\t\t\t\t\t<section class=\"elementor-section elementor-top-section elementor-element elementor-element-a28fabc elementor-section-boxed elementor-section-height-default elementor-section-height-default\" data-id=\"a28fabc\" data-element_type=\"section\">\n\t\t\t\t\t\t<div class=\"elementor-container elementor-column-gap-default\">\n\t\t\t\t\t<div class=\"elementor-column elementor-col-100 elementor-top-column elementor-element elementor-element-b6afac9\" data-id=\"b6afac9\" data-element_type=\"column\">\n\t\t\t<div class=\"elementor-widget-wrap elementor-element-populated\">\n\t\t\t\t\t\t\t\t<div class=\"elementor-element elementor-element-4983a6b elementor-position-left elementor-vertical-align-top elementor-widget elementor-widget-image-box\" data-id=\"4983a6b\" data-element_type=\"widget\" data-widget_type=\"image-box.default\">\n\t\t\t\t<div class=\"elementor-widget-container\">\n\t\t\t<div class=\"elementor-image-box-wrapper\"><figure class=\"elementor-image-box-img\"><img loading=\"lazy\" decoding=\"async\" width=\"200\" height=\"200\" src=\"https:\/\/seminariospc.edu.co\/wp-content\/uploads\/2021\/03\/images.jpg\" class=\"attachment-full size-full\" alt=\"\" \/><\/figure><div class=\"elementor-image-box-content\"><h3 class=\"elementor-image-box-title\">ESCUDO<\/h3><p class=\"elementor-image-box-description\"><b>CRUZ DEL TIMBRE: <\/b>Indica una obra episcopal y vuelve a unir al semillero de ap\u00f3stoles inspirados en la obra de San Pedro Claver.<br><b>CADENAS: <\/b>La Cadena rota en banda es la esclavitud de cuerpos y almas que desbarat\u00f3 Pedro Claver, y que liberar\u00e1n sus imitadores.<br><b>SABLE COLOR NEGRO<\/b>, representan los esclavos y africanos  y las tinieblas de la ignorancia y pecado, que la cruz del sacrificio romper\u00e1.<br><b>LLAMAS DE ORO<\/b>: Hablan de la ciudad del petr\u00f3leo y el fuego del amor.<br><b>IGNEM VENI MITTERE<\/b>: Vine a prender fuego, palabras del Se\u00f1or.<br>CRUZ DE MALTA: En gules representa a Pedro Claver, que vivi\u00f3 a imitaci\u00f3n de Cristo de quien se hizo vivo reflejo. <\/p><\/div><\/div>\t\t<\/div>\n\t\t\t\t<\/div>\n\t\t\t\t\t<\/div>\n\t\t<\/div>\n\t\t\t\t\t\t\t<\/div>\n\t\t<\/section>\n\t\t\t\t<section class=\"elementor-section elementor-top-section elementor-element elementor-element-a7e1190 elementor-section-boxed elementor-section-height-default elementor-section-height-default\" data-id=\"a7e1190\" data-element_type=\"section\">\n\t\t\t\t\t\t<div class=\"elementor-container elementor-column-gap-default\">\n\t\t\t\t\t<div class=\"elementor-column elementor-col-100 elementor-top-column elementor-element elementor-element-7771f49\" data-id=\"7771f49\" data-element_type=\"column\">\n\t\t\t<div class=\"elementor-widget-wrap elementor-element-populated\">\n\t\t\t\t\t\t\t\t<div class=\"elementor-element elementor-element-a07a32e elementor-position-left elementor-vertical-align-top elementor-widget elementor-widget-image-box\" data-id=\"a07a32e\" data-element_type=\"widget\" data-widget_type=\"image-box.default\">\n\t\t\t\t<div class=\"elementor-widget-container\">\n\t\t\t<div class=\"elementor-image-box-wrapper\"><figure class=\"elementor-image-box-img\"><img loading=\"lazy\" decoding=\"async\" width=\"200\" height=\"200\" src=\"https:\/\/seminariospc.edu.co\/wp-content\/uploads\/2021\/03\/Bandera.jpg\" class=\"attachment-full size-full\" alt=\"\" \/><\/figure><div class=\"elementor-image-box-content\"><h3 class=\"elementor-image-box-title\">LA BANDERA<\/h3><p class=\"elementor-image-box-description\"><b>COLOR AMARILLO<\/b>: Representa el fuego que Jesucristo vino a encender en el coraz\u00f3n de cada uno de nosotros y cuya realizaci\u00f3n se llev\u00f3 a cabo en San Pedro Claver.<br><b>COLOR ROJO<\/b>:  Simboliza el sacrificio que todo joven cristiano debe estar dispuestos a realizar en su vida exaltado por el testimonio y ejemplo del \"Esclavos de los Exclavos\" en Cartagena de Indias: San Pedro Claver.<\/p><\/div><\/div>\t\t<\/div>\n\t\t\t\t<\/div>\n\t\t\t\t\t<\/div>\n\t\t<\/div>\n\t\t\t\t\t\t\t<\/div>\n\t\t<\/section>\n\t\t\t\t<section class=\"elementor-section elementor-top-section elementor-element elementor-element-cdb833b elementor-section-boxed elementor-section-height-default elementor-section-height-default\" data-id=\"cdb833b\" data-element_type=\"section\">\n\t\t\t\t\t\t<div class=\"elementor-container elementor-column-gap-default\">\n\t\t\t\t\t<div class=\"elementor-column elementor-col-100 elementor-top-column elementor-element elementor-element-1913eea\" data-id=\"1913eea\" data-element_type=\"column\">\n\t\t\t<div class=\"elementor-widget-wrap elementor-element-populated\">\n\t\t\t\t\t\t\t\t<div class=\"elementor-element elementor-element-a6cd34e elementor-position-left elementor-vertical-align-top elementor-widget elementor-widget-image-box\" data-id=\"a6cd34e\" data-element_type=\"widget\" data-widget_type=\"image-box.default\">\n\t\t\t\t<div class=\"elementor-widget-container\">\n\t\t\t<div class=\"elementor-image-box-wrapper\"><figure class=\"elementor-image-box-img\"><img loading=\"lazy\" decoding=\"async\" width=\"200\" height=\"200\" src=\"https:\/\/seminariospc.edu.co\/wp-content\/uploads\/2021\/03\/himno.jpg\" class=\"attachment-full size-full\" alt=\"\" \/><\/figure><div class=\"elementor-image-box-content\"><h3 class=\"elementor-image-box-title\">HIMNO SEMINARIO SAN PEDRO CLAVER<\/h3><p class=\"elementor-image-box-description\"><CENTER> <b>CORO<\/b><br>\nJuventud, por Cristo adelante, muy alta la frente, con br\u00edo y firmeza; que el fuego ardiente inflame los pechos que lucen con luz de nobleza.<br><b>I<\/b><br>\nJuventud de Claver, sobre el oro del amor; destroz\u00f3 esclavitud, su triunfal cruz de dolor. Juventud de Claver, marcharemos de \u00e9l en pos; a sembrar libertad, cautivando para Dios.\n<br><b>II<\/b><br>\nJuventud de Claver, Cristo llama a conquistar; junto al r\u00edo azul hay mil almas que salvar. Juventud de Claver, del petr\u00f3leo negro aqu\u00ed; fuerzas fluyen y luz; el dolor nuestro es as\u00ed.\n<br><b>III<\/b><br>\n Juventud de Claver, entre llamas a triunfar; que la f\u00falgida cruz, nos har\u00e1 entusiasmar. Juventud de Claver, la victoria ha de venir; pues con Cristo a reinar se conquista con sufrir.\n<br><b>IV<\/b><br>\nJuventud de Claver, nuestro fuego de blas\u00f3n; cuando quiso lucir, se prendi\u00f3 en un coraz\u00f3n. Juventud de Claver, esparzamos su fulgor; que en las mentes es luz y en las vidas es amor. \n<br><br>\n<\/center>\nLetra : <b>Pbro. JUVENAL MARTINEZ DEL CAMPO<\/b> <br>\nM\u00fasica :<b> Pbro. JAIME ROJAS LLORENTE<\/b><\/p><\/div><\/div>\t\t<\/div>\n\t\t\t\t<\/div>\n\t\t\t\t\t<\/div>\n\t\t<\/div>\n\t\t\t\t\t\t\t<\/div>\n\t\t<\/section>\n\t\t\t\t\t\t<\/div>\n\t\t\t\t\t<\/div>\n\t\t","protected":false},"excerpt":{"rendered":"<p>ESCUDO CRUZ DEL TIMBRE: Indica una obra episcopal y vuelve a unir al semillero de ap\u00f3stoles inspirados en la obra de San Pedro Claver.CADENAS: La Cadena rota en banda es la esclavitud de cuerpos y almas que desbarat\u00f3 Pedro Claver, y que liberar\u00e1n sus imitadores.SABLE COLOR NEGRO, representan los esclavos y africanos y las tinieblas &hellip;<\/p>\n","protected":false},"author":1,"featured_media":0,"parent":0,"menu_order":0,"comment_status":"closed","ping_status":"closed","template":"","meta":{"footnotes":""},"class_list":["post-4897","page","type-page","status-publish","hentry"],"_links":{"self":[{"href":"https:\/\/seminariospc.edu.co\/index.php?rest_route=\/wp\/v2\/pages\/4897","targetHints":{"allow":["GET"]}}],"collection":[{"href":"https:\/\/seminariospc.edu.co\/index.php?rest_route=\/wp\/v2\/pages"}],"about":[{"href":"https:\/\/seminariospc.edu.co\/index.php?rest_route=\/wp\/v2\/types\/page"}],"author":[{"embeddable":true,"href":"https:\/\/seminariospc.edu.co\/index.php?rest_route=\/wp\/v2\/users\/1"}],"replies":[{"embeddable":true,"href":"https:\/\/seminariospc.edu.co\/index.php?rest_route=%2Fwp%2Fv2%2Fcomments&post=4897"}],"version-history":[{"count":5,"href":"https:\/\/seminariospc.edu.co\/index.php?rest_route=\/wp\/v2\/pages\/4897\/revisions"}],"predecessor-version":[{"id":5349,"href":"https:\/\/seminariospc.edu.co\/index.php?rest_route=\/wp\/v2\/pages\/4897\/revisions\/5349"}],"wp:attachment":[{"href":"https:\/\/seminariospc.edu.co\/index.php?rest_route=%2Fwp%2Fv2%2Fmedia&parent=4897"}],"curies":[{"name":"wp","href":"https:\/\/api.w.org\/{rel}","templated":true}]}}