{"id":4902,"date":"2016-06-24T08:48:01","date_gmt":"2016-06-24T08:48:01","guid":{"rendered":"http:\/\/capethemes.com\/demo\/cityofwp\/?page_id=4902"},"modified":"2021-03-08T16:13:08","modified_gmt":"2021-03-08T16:13:08","slug":"culture-recreation","status":"publish","type":"page","link":"https:\/\/seminariospc.edu.co\/?page_id=4902","title":{"rendered":"ADMISIONES"},"content":{"rendered":"\t\t<div data-elementor-type=\"wp-page\" data-elementor-id=\"4902\" class=\"elementor elementor-4902\" data-elementor-settings=\"[]\">\n\t\t\t\t\t\t\t<div class=\"elementor-section-wrap\">\n\t\t\t\t\t\t\t<section class=\"elementor-section elementor-top-section elementor-element elementor-element-4fcac00 elementor-section-boxed elementor-section-height-default elementor-section-height-default\" data-id=\"4fcac00\" data-element_type=\"section\">\n\t\t\t\t\t\t<div class=\"elementor-container elementor-column-gap-default\">\n\t\t\t\t\t<div class=\"elementor-column elementor-col-100 elementor-top-column elementor-element elementor-element-20f51ad\" data-id=\"20f51ad\" data-element_type=\"column\">\n\t\t\t<div class=\"elementor-widget-wrap elementor-element-populated\">\n\t\t\t\t\t\t\t\t<div class=\"elementor-element elementor-element-675d1a1 elementor-widget elementor-widget-image\" data-id=\"675d1a1\" data-element_type=\"widget\" data-widget_type=\"image.default\">\n\t\t\t\t<div class=\"elementor-widget-container\">\n\t\t\t\t\t\t\t\t\t\t\t\t\t\t\t<img loading=\"lazy\" decoding=\"async\" width=\"1024\" height=\"404\" src=\"https:\/\/seminariospc.edu.co\/wp-content\/uploads\/2021\/03\/lighthouse-924065_1920-e14745514345763-1024x404.jpg\" class=\"attachment-large size-large\" alt=\"Seminario\" srcset=\"https:\/\/seminariospc.edu.co\/wp-content\/uploads\/2021\/03\/lighthouse-924065_1920-e14745514345763-1024x404.jpg 1024w, https:\/\/seminariospc.edu.co\/wp-content\/uploads\/2021\/03\/lighthouse-924065_1920-e14745514345763-300x118.jpg 300w, https:\/\/seminariospc.edu.co\/wp-content\/uploads\/2021\/03\/lighthouse-924065_1920-e14745514345763-768x303.jpg 768w, https:\/\/seminariospc.edu.co\/wp-content\/uploads\/2021\/03\/lighthouse-924065_1920-e14745514345763-1536x606.jpg 1536w, https:\/\/seminariospc.edu.co\/wp-content\/uploads\/2021\/03\/lighthouse-924065_1920-e14745514345763.jpg 1920w\" sizes=\"auto, (max-width: 1024px) 100vw, 1024px\" \/>\t\t\t\t\t\t\t\t\t\t\t\t\t\t\t<\/div>\n\t\t\t\t<\/div>\n\t\t\t\t\t<\/div>\n\t\t<\/div>\n\t\t\t\t\t\t\t<\/div>\n\t\t<\/section>\n\t\t\t\t<section class=\"elementor-section elementor-top-section elementor-element elementor-element-7abc7cda elementor-section-content-middle elementor-section-boxed elementor-section-height-default elementor-section-height-default\" data-id=\"7abc7cda\" data-element_type=\"section\">\n\t\t\t\t\t\t<div class=\"elementor-container elementor-column-gap-no\">\n\t\t\t\t\t<div class=\"elementor-column elementor-col-50 elementor-top-column elementor-element elementor-element-1208bd7d\" data-id=\"1208bd7d\" data-element_type=\"column\">\n\t\t\t<div class=\"elementor-widget-wrap elementor-element-populated\">\n\t\t\t\t\t\t\t\t<div class=\"elementor-element elementor-element-2e79c8d5 elementor-widget elementor-widget-heading\" data-id=\"2e79c8d5\" data-element_type=\"widget\" data-widget_type=\"heading.default\">\n\t\t\t\t<div class=\"elementor-widget-container\">\n\t\t\t<h6 class=\"elementor-heading-title elementor-size-default\">ADMISIONES &amp; MATRICULAS<\/h6>\t\t<\/div>\n\t\t\t\t<\/div>\n\t\t\t\t<div class=\"elementor-element elementor-element-2c7f5725 elementor-widget elementor-widget-heading\" data-id=\"2c7f5725\" data-element_type=\"widget\" data-widget_type=\"heading.default\">\n\t\t\t\t<div class=\"elementor-widget-container\">\n\t\t\t<h5 class=\"elementor-heading-title elementor-size-default\">\u00bfQuieres ser parte de la Comunidad Claveriana?<\/h5>\t\t<\/div>\n\t\t\t\t<\/div>\n\t\t\t\t<div class=\"elementor-element elementor-element-3aaa5b8e elementor-widget elementor-widget-text-editor\" data-id=\"3aaa5b8e\" data-element_type=\"widget\" data-widget_type=\"text-editor.default\">\n\t\t\t\t<div class=\"elementor-widget-container\">\n\t\t\t\t\t\t\t<p>El proceso para todos los grados se realiza de la siguiente manera<\/p>\t\t\t\t\t\t<\/div>\n\t\t\t\t<\/div>\n\t\t\t\t\t<\/div>\n\t\t<\/div>\n\t\t\t\t<div class=\"elementor-column elementor-col-50 elementor-top-column elementor-element elementor-element-383eb590\" data-id=\"383eb590\" data-element_type=\"column\">\n\t\t\t<div class=\"elementor-widget-wrap elementor-element-populated\">\n\t\t\t\t\t\t\t\t<div class=\"elementor-element elementor-element-7fee34a4 elementor-widget elementor-widget-toggle\" data-id=\"7fee34a4\" data-element_type=\"widget\" data-widget_type=\"toggle.default\">\n\t\t\t\t<div class=\"elementor-widget-container\">\n\t\t\t\t\t<div class=\"elementor-toggle\" role=\"tablist\">\n\t\t\t\t\t\t\t<div class=\"elementor-toggle-item\">\n\t\t\t\t\t<div id=\"elementor-tab-title-2141\" class=\"elementor-tab-title\" data-tab=\"1\" role=\"tab\" aria-controls=\"elementor-tab-content-2141\" aria-expanded=\"false\">\n\t\t\t\t\t\t\t\t\t\t\t\t<span class=\"elementor-toggle-icon elementor-toggle-icon-right\" aria-hidden=\"true\">\n\t\t\t\t\t\t\t\t\t\t\t\t\t\t\t<span class=\"elementor-toggle-icon-closed\"><i class=\"fas fa-caret-right\"><\/i><\/span>\n\t\t\t\t\t\t\t\t<span class=\"elementor-toggle-icon-opened\"><i class=\"elementor-toggle-icon-opened fas fa-caret-up\"><\/i><\/span>\n\t\t\t\t\t\t\t\t\t\t\t\t\t<\/span>\n\t\t\t\t\t\t\t\t\t\t\t\t<a href=\"\" class=\"elementor-toggle-title\">Proceso de Admisiones & Matriculas<\/a>\n\t\t\t\t\t<\/div>\n\n\t\t\t\t\t<div id=\"elementor-tab-content-2141\" class=\"elementor-tab-content elementor-clearfix\" data-tab=\"1\" role=\"tabpanel\" aria-labelledby=\"elementor-tab-title-2141\"><p>1. Inscripci\u00f3n y recepci\u00f3n de documentos en la Secretar\u00eda Acad\u00e9mica.<br \/>2. An\u00e1lisis de documentos por Coordinaci\u00f3n Acad\u00e9mica y Coordinaci\u00f3n de Convivencia.<br \/>3. Aplicaci\u00f3n de pruebas por Coordinaci\u00f3n Acad\u00e9mica de primaria o de bachillerato.<br \/>4. Entrevista psicol\u00f3gica con el\/la Orientador(a) Escolar.<br \/>5. Entrevista con el Rector.\u00a0<\/p><\/div>\n\t\t\t\t<\/div>\n\t\t\t\t\t\t\t<div class=\"elementor-toggle-item\">\n\t\t\t\t\t<div id=\"elementor-tab-title-2142\" class=\"elementor-tab-title\" data-tab=\"2\" role=\"tab\" aria-controls=\"elementor-tab-content-2142\" aria-expanded=\"false\">\n\t\t\t\t\t\t\t\t\t\t\t\t<span class=\"elementor-toggle-icon elementor-toggle-icon-right\" aria-hidden=\"true\">\n\t\t\t\t\t\t\t\t\t\t\t\t\t\t\t<span class=\"elementor-toggle-icon-closed\"><i class=\"fas fa-caret-right\"><\/i><\/span>\n\t\t\t\t\t\t\t\t<span class=\"elementor-toggle-icon-opened\"><i class=\"elementor-toggle-icon-opened fas fa-caret-up\"><\/i><\/span>\n\t\t\t\t\t\t\t\t\t\t\t\t\t<\/span>\n\t\t\t\t\t\t\t\t\t\t\t\t<a href=\"\" class=\"elementor-toggle-title\">Documentos para la matr\u00edcula de estudiantes nuevos<\/a>\n\t\t\t\t\t<\/div>\n\n\t\t\t\t\t<div id=\"elementor-tab-content-2142\" class=\"elementor-tab-content elementor-clearfix\" data-tab=\"2\" role=\"tabpanel\" aria-labelledby=\"elementor-tab-title-2142\"><p>1. Recibo de consignaci\u00f3n del valor de la matr\u00edcula.<br \/>2. PAZ Y SALVO de la instituci\u00f3n educativa de donde viene.<br \/>3. Constancia de Retiro del SIMAT (Colegio de procedencia)<br \/>4. Certificado de NOTAS: GRADOS CURSADOS (Originales)<br \/>5. Dos (2) Fotos recientes.<br \/>6. Foto del Documento de Identidad (T I: hasta 13 a\u00f1os; Pre-c\u00e9dula: 14 a\u00f1os)<br \/>7. Registro Civil de Nacimiento (ORIGINAL).<br \/>8. Certificado de Afiliaci\u00f3n a un Sistema de Seguridad Social (E.P.S.).<br \/>9. Certificado M\u00e9dico (Reciente).<br \/>10. Fotocopia de la consignaci\u00f3n de Asociaci\u00f3n de Padres de Familia<br \/>11. Seguro de Accidentes. Se adquiere en la instituci\u00f3n el d\u00eda de la matr\u00edcula.<br \/>12. Presencia de los Padres de familia y\/o Acudientes y el Estudiante para la Matr\u00edcula<\/p><\/div>\n\t\t\t\t<\/div>\n\t\t\t\t\t\t\t<div class=\"elementor-toggle-item\">\n\t\t\t\t\t<div id=\"elementor-tab-title-2143\" class=\"elementor-tab-title\" data-tab=\"3\" role=\"tab\" aria-controls=\"elementor-tab-content-2143\" aria-expanded=\"false\">\n\t\t\t\t\t\t\t\t\t\t\t\t<span class=\"elementor-toggle-icon elementor-toggle-icon-right\" aria-hidden=\"true\">\n\t\t\t\t\t\t\t\t\t\t\t\t\t\t\t<span class=\"elementor-toggle-icon-closed\"><i class=\"fas fa-caret-right\"><\/i><\/span>\n\t\t\t\t\t\t\t\t<span class=\"elementor-toggle-icon-opened\"><i class=\"elementor-toggle-icon-opened fas fa-caret-up\"><\/i><\/span>\n\t\t\t\t\t\t\t\t\t\t\t\t\t<\/span>\n\t\t\t\t\t\t\t\t\t\t\t\t<a href=\"\" class=\"elementor-toggle-title\">Documentos para la matr\u00edcula de estudiantes antiguos<\/a>\n\t\t\t\t\t<\/div>\n\n\t\t\t\t\t<div id=\"elementor-tab-content-2143\" class=\"elementor-tab-content elementor-clearfix\" data-tab=\"3\" role=\"tabpanel\" aria-labelledby=\"elementor-tab-title-2143\"><p>1. Recibo de consignaci\u00f3n del valor de la matr\u00edcula.<br \/>2. Presentar el PAZ Y SALVO.<br \/>3. Presentar el BOLET\u00cdN FINAL.<br \/>4. Dos (2) fotos RECIENTES.<br \/>5. Presencia de los Padres de Familia y\/o Acudientes y el Estudiante para la matr\u00edcula<br \/>6. Certificado M\u00e9dico (RECIENTE).<br \/>7. Fotocopia de la consignaci\u00f3n de Asociaci\u00f3n de Padres de Familia.<br \/>8. El Seguro de Accidentes, se adquiere en la instituci\u00f3n el d\u00eda de la matr\u00edcula<\/p><\/div>\n\t\t\t\t<\/div>\n\t\t\t\t\t\t\t<div class=\"elementor-toggle-item\">\n\t\t\t\t\t<div id=\"elementor-tab-title-2144\" class=\"elementor-tab-title\" data-tab=\"4\" role=\"tab\" aria-controls=\"elementor-tab-content-2144\" aria-expanded=\"false\">\n\t\t\t\t\t\t\t\t\t\t\t\t<span class=\"elementor-toggle-icon elementor-toggle-icon-right\" aria-hidden=\"true\">\n\t\t\t\t\t\t\t\t\t\t\t\t\t\t\t<span class=\"elementor-toggle-icon-closed\"><i class=\"fas fa-caret-right\"><\/i><\/span>\n\t\t\t\t\t\t\t\t<span class=\"elementor-toggle-icon-opened\"><i class=\"elementor-toggle-icon-opened fas fa-caret-up\"><\/i><\/span>\n\t\t\t\t\t\t\t\t\t\t\t\t\t<\/span>\n\t\t\t\t\t\t\t\t\t\t\t\t<a href=\"\" class=\"elementor-toggle-title\">Formulario de Inscripci\u00f3n<\/a>\n\t\t\t\t\t<\/div>\n\n\t\t\t\t\t<div id=\"elementor-tab-content-2144\" class=\"elementor-tab-content elementor-clearfix\" data-tab=\"4\" role=\"tabpanel\" aria-labelledby=\"elementor-tab-title-2144\">\n<div class=\"wpcf7 no-js\" id=\"wpcf7-f5334-o1\" lang=\"es-CO\" dir=\"ltr\" data-wpcf7-id=\"5334\">\n<div class=\"screen-reader-response\"><p role=\"status\" aria-live=\"polite\" aria-atomic=\"true\"><\/p> <ul><\/ul><\/div>\n<form action=\"\/index.php?rest_route=%2Fwp%2Fv2%2Fpages%2F4902#wpcf7-f5334-o1\" method=\"post\" class=\"wpcf7-form init\" aria-label=\"Formulario de contacto\" novalidate=\"novalidate\" data-status=\"init\">\n<div style=\"display: none;\">\n<input type=\"hidden\" name=\"_wpcf7\" value=\"5334\" \/>\n<input type=\"hidden\" name=\"_wpcf7_version\" value=\"6.0.3\" \/>\n<input type=\"hidden\" name=\"_wpcf7_locale\" value=\"es_CO\" \/>\n<input type=\"hidden\" name=\"_wpcf7_unit_tag\" value=\"wpcf7-f5334-o1\" \/>\n<input type=\"hidden\" name=\"_wpcf7_container_post\" value=\"0\" \/>\n<input type=\"hidden\" name=\"_wpcf7_posted_data_hash\" value=\"\" \/>\n<\/div>\n<p><label> Tu nombre<br \/>\n<span class=\"wpcf7-form-control-wrap\" data-name=\"your-name\"><input size=\"40\" maxlength=\"400\" class=\"wpcf7-form-control wpcf7-text wpcf7-validates-as-required\" aria-required=\"true\" aria-invalid=\"false\" value=\"\" type=\"text\" name=\"your-name\" \/><\/span> <\/label>\n<\/p>\n<p><label> Tu correo electr\u00f3nico<br \/>\n<span class=\"wpcf7-form-control-wrap\" data-name=\"your-email\"><input size=\"40\" maxlength=\"400\" class=\"wpcf7-form-control wpcf7-email wpcf7-validates-as-required wpcf7-text wpcf7-validates-as-email\" aria-required=\"true\" aria-invalid=\"false\" value=\"\" type=\"email\" name=\"your-email\" \/><\/span> <\/label>\n<\/p>\n<p><label> Asunto<br \/>\n<span class=\"wpcf7-form-control-wrap\" data-name=\"your-subject\"><input size=\"40\" maxlength=\"400\" class=\"wpcf7-form-control wpcf7-text wpcf7-validates-as-required\" aria-required=\"true\" aria-invalid=\"false\" value=\"\" type=\"text\" name=\"your-subject\" \/><\/span> <\/label>\n<\/p>\n<p><label> Tu mensaje (opcional)<br \/>\n<span class=\"wpcf7-form-control-wrap\" data-name=\"your-message\"><textarea cols=\"40\" rows=\"10\" maxlength=\"2000\" class=\"wpcf7-form-control wpcf7-textarea\" aria-invalid=\"false\" name=\"your-message\"><\/textarea><\/span> <\/label>\n<\/p>\n<p><input class=\"wpcf7-form-control wpcf7-submit has-spinner\" type=\"submit\" value=\"Enviar\" \/>\n<\/p><p style=\"display: none !important;\" class=\"akismet-fields-container\" data-prefix=\"_wpcf7_ak_\"><label>&#916;<textarea name=\"_wpcf7_ak_hp_textarea\" cols=\"45\" rows=\"8\" maxlength=\"100\"><\/textarea><\/label><input type=\"hidden\" id=\"ak_js_1\" name=\"_wpcf7_ak_js\" value=\"184\"\/><script>document.getElementById( \"ak_js_1\" ).setAttribute( \"value\", ( new Date() ).getTime() );<\/script><\/p><div class=\"wpcf7-response-output\" aria-hidden=\"true\"><\/div>\n<\/form>\n<\/div>\n<\/div>\n\t\t\t\t<\/div>\n\t\t\t\t\t\t\t\t<\/div>\n\t\t\t\t<\/div>\n\t\t\t\t<\/div>\n\t\t\t\t\t<\/div>\n\t\t<\/div>\n\t\t\t\t\t\t\t<\/div>\n\t\t<\/section>\n\t\t\t\t\t\t<\/div>\n\t\t\t\t\t<\/div>\n\t\t","protected":false},"excerpt":{"rendered":"<p>ADMISIONES &amp; MATRICULAS \u00bfQuieres ser parte de la Comunidad Claveriana? El proceso para todos los grados se realiza de la siguiente manera Proceso de Admisiones &#038; Matriculas 1. Inscripci\u00f3n y recepci\u00f3n de documentos en la Secretar\u00eda Acad\u00e9mica.2. An\u00e1lisis de documentos por Coordinaci\u00f3n Acad\u00e9mica y Coordinaci\u00f3n de Convivencia.3. Aplicaci\u00f3n de pruebas por Coordinaci\u00f3n Acad\u00e9mica de primaria &hellip;<\/p>\n","protected":false},"author":1,"featured_media":0,"parent":0,"menu_order":0,"comment_status":"closed","ping_status":"closed","template":"","meta":{"footnotes":""},"class_list":["post-4902","page","type-page","status-publish","hentry"],"_links":{"self":[{"href":"https:\/\/seminariospc.edu.co\/index.php?rest_route=\/wp\/v2\/pages\/4902","targetHints":{"allow":["GET"]}}],"collection":[{"href":"https:\/\/seminariospc.edu.co\/index.php?rest_route=\/wp\/v2\/pages"}],"about":[{"href":"https:\/\/seminariospc.edu.co\/index.php?rest_route=\/wp\/v2\/types\/page"}],"author":[{"embeddable":true,"href":"https:\/\/seminariospc.edu.co\/index.php?rest_route=\/wp\/v2\/users\/1"}],"replies":[{"embeddable":true,"href":"https:\/\/seminariospc.edu.co\/index.php?rest_route=%2Fwp%2Fv2%2Fcomments&post=4902"}],"version-history":[{"count":10,"href":"https:\/\/seminariospc.edu.co\/index.php?rest_route=\/wp\/v2\/pages\/4902\/revisions"}],"predecessor-version":[{"id":5376,"href":"https:\/\/seminariospc.edu.co\/index.php?rest_route=\/wp\/v2\/pages\/4902\/revisions\/5376"}],"wp:attachment":[{"href":"https:\/\/seminariospc.edu.co\/index.php?rest_route=%2Fwp%2Fv2%2Fmedia&parent=4902"}],"curies":[{"name":"wp","href":"https:\/\/api.w.org\/{rel}","templated":true}]}}