{"id":5222,"date":"2021-03-07T15:06:54","date_gmt":"2021-03-07T15:06:54","guid":{"rendered":"https:\/\/www.seminariospc.edu.co\/?page_id=5222"},"modified":"2025-03-25T14:41:36","modified_gmt":"2025-03-25T14:41:36","slug":"direccion-general","status":"publish","type":"page","link":"https:\/\/seminariospc.edu.co\/?page_id=5222","title":{"rendered":"Direcci\u00f3n General"},"content":{"rendered":"\t\t<div data-elementor-type=\"wp-page\" data-elementor-id=\"5222\" class=\"elementor elementor-5222\" data-elementor-settings=\"[]\">\n\t\t\t\t\t\t\t<div class=\"elementor-section-wrap\">\n\t\t\t\t\t\t\t<section class=\"elementor-section elementor-top-section elementor-element elementor-element-da9d1dc elementor-section-boxed elementor-section-height-default elementor-section-height-default\" data-id=\"da9d1dc\" data-element_type=\"section\">\n\t\t\t\t\t\t<div class=\"elementor-container elementor-column-gap-default\">\n\t\t\t\t\t<div class=\"elementor-column elementor-col-100 elementor-top-column elementor-element elementor-element-cd315f9\" data-id=\"cd315f9\" data-element_type=\"column\">\n\t\t\t<div class=\"elementor-widget-wrap elementor-element-populated\">\n\t\t\t\t\t\t\t\t<div class=\"elementor-element elementor-element-3f7c745 elementor-widget elementor-widget-image\" data-id=\"3f7c745\" data-element_type=\"widget\" data-widget_type=\"image.default\">\n\t\t\t\t<div class=\"elementor-widget-container\">\n\t\t\t\t\t\t\t\t\t\t\t\t\t\t\t<img loading=\"lazy\" decoding=\"async\" width=\"683\" height=\"1024\" src=\"https:\/\/seminariospc.edu.co\/wp-content\/uploads\/2025\/03\/1000014041-683x1024.jpg\" class=\"attachment-large size-large\" alt=\"\" srcset=\"https:\/\/seminariospc.edu.co\/wp-content\/uploads\/2025\/03\/1000014041-683x1024.jpg 683w, https:\/\/seminariospc.edu.co\/wp-content\/uploads\/2025\/03\/1000014041-200x300.jpg 200w, https:\/\/seminariospc.edu.co\/wp-content\/uploads\/2025\/03\/1000014041-768x1152.jpg 768w, https:\/\/seminariospc.edu.co\/wp-content\/uploads\/2025\/03\/1000014041-scaled.jpg 1707w\" sizes=\"auto, (max-width: 683px) 100vw, 683px\" \/>\t\t\t\t\t\t\t\t\t\t\t\t\t\t\t<\/div>\n\t\t\t\t<\/div>\n\t\t\t\t\t<\/div>\n\t\t<\/div>\n\t\t\t\t\t\t\t<\/div>\n\t\t<\/section>\n\t\t\t\t<section class=\"elementor-section elementor-top-section elementor-element elementor-element-40b25d1 elementor-section-boxed elementor-section-height-default elementor-section-height-default\" data-id=\"40b25d1\" data-element_type=\"section\">\n\t\t\t\t\t\t<div class=\"elementor-container elementor-column-gap-default\">\n\t\t\t\t\t<div class=\"elementor-column elementor-col-100 elementor-top-column elementor-element elementor-element-bb450ee\" data-id=\"bb450ee\" data-element_type=\"column\">\n\t\t\t<div class=\"elementor-widget-wrap elementor-element-populated\">\n\t\t\t\t\t\t\t\t<div class=\"elementor-element elementor-element-47e1737 elementor-widget elementor-widget-text-editor\" data-id=\"47e1737\" data-element_type=\"widget\" data-widget_type=\"text-editor.default\">\n\t\t\t\t<div class=\"elementor-widget-container\">\n\t\t\t\t\t\t\t<p>Pbro. EVER DE ARCO SOLANO<\/p><p>Es el representante legal de la Instituci\u00f3n, delegado por el Se\u00f1or Obispo de la Di\u00f3cesis de Barrancabermeja -propietaria del Seminario San Pedro Claver-. Es el responsable de la administraci\u00f3n de los recursos financieros, patrimoniales y laborales.<\/p>\t\t\t\t\t\t<\/div>\n\t\t\t\t<\/div>\n\t\t\t\t\t<\/div>\n\t\t<\/div>\n\t\t\t\t\t\t\t<\/div>\n\t\t<\/section>\n\t\t\t\t\t\t<\/div>\n\t\t\t\t\t<\/div>\n\t\t","protected":false},"excerpt":{"rendered":"<p>Pbro. EVER DE ARCO SOLANO Es el representante legal de la Instituci\u00f3n, delegado por el Se\u00f1or Obispo de la Di\u00f3cesis de Barrancabermeja -propietaria del Seminario San Pedro Claver-. Es el responsable de la administraci\u00f3n de los recursos financieros, patrimoniales y laborales.<\/p>\n","protected":false},"author":1,"featured_media":6287,"parent":0,"menu_order":0,"comment_status":"closed","ping_status":"closed","template":"","meta":{"footnotes":""},"class_list":["post-5222","page","type-page","status-publish","has-post-thumbnail","hentry"],"_links":{"self":[{"href":"https:\/\/seminariospc.edu.co\/index.php?rest_route=\/wp\/v2\/pages\/5222","targetHints":{"allow":["GET"]}}],"collection":[{"href":"https:\/\/seminariospc.edu.co\/index.php?rest_route=\/wp\/v2\/pages"}],"about":[{"href":"https:\/\/seminariospc.edu.co\/index.php?rest_route=\/wp\/v2\/types\/page"}],"author":[{"embeddable":true,"href":"https:\/\/seminariospc.edu.co\/index.php?rest_route=\/wp\/v2\/users\/1"}],"replies":[{"embeddable":true,"href":"https:\/\/seminariospc.edu.co\/index.php?rest_route=%2Fwp%2Fv2%2Fcomments&post=5222"}],"version-history":[{"count":8,"href":"https:\/\/seminariospc.edu.co\/index.php?rest_route=\/wp\/v2\/pages\/5222\/revisions"}],"predecessor-version":[{"id":6302,"href":"https:\/\/seminariospc.edu.co\/index.php?rest_route=\/wp\/v2\/pages\/5222\/revisions\/6302"}],"wp:featuredmedia":[{"embeddable":true,"href":"https:\/\/seminariospc.edu.co\/index.php?rest_route=\/wp\/v2\/media\/6287"}],"wp:attachment":[{"href":"https:\/\/seminariospc.edu.co\/index.php?rest_route=%2Fwp%2Fv2%2Fmedia&parent=5222"}],"curies":[{"name":"wp","href":"https:\/\/api.w.org\/{rel}","templated":true}]}}