{"id":5286,"date":"2021-03-07T17:05:18","date_gmt":"2021-03-07T17:05:18","guid":{"rendered":"https:\/\/www.seminariospc.edu.co\/?page_id=5286"},"modified":"2023-03-24T17:17:25","modified_gmt":"2023-03-24T17:17:25","slug":"comite-escolar-de-convivencia","status":"publish","type":"page","link":"https:\/\/seminariospc.edu.co\/?page_id=5286","title":{"rendered":"COMIT\u00c9 ESCOLAR DE CONVIVENCIA"},"content":{"rendered":"\t\t<div data-elementor-type=\"wp-page\" data-elementor-id=\"5286\" class=\"elementor elementor-5286\" data-elementor-settings=\"[]\">\n\t\t\t\t\t\t\t<div class=\"elementor-section-wrap\">\n\t\t\t\t\t\t\t<section class=\"elementor-section elementor-top-section elementor-element elementor-element-298fdf4 elementor-section-boxed elementor-section-height-default elementor-section-height-default\" data-id=\"298fdf4\" data-element_type=\"section\">\n\t\t\t\t\t\t<div class=\"elementor-container elementor-column-gap-default\">\n\t\t\t\t\t<div class=\"elementor-column elementor-col-100 elementor-top-column elementor-element elementor-element-e0899d3\" data-id=\"e0899d3\" data-element_type=\"column\">\n\t\t\t<div class=\"elementor-widget-wrap elementor-element-populated\">\n\t\t\t\t\t\t\t\t<div class=\"elementor-element elementor-element-6cdd7d4 elementor-widget elementor-widget-image\" data-id=\"6cdd7d4\" data-element_type=\"widget\" data-widget_type=\"image.default\">\n\t\t\t\t<div class=\"elementor-widget-container\">\n\t\t\t\t\t\t\t\t\t\t\t\t\t\t\t<img loading=\"lazy\" decoding=\"async\" width=\"1024\" height=\"768\" src=\"https:\/\/seminariospc.edu.co\/wp-content\/uploads\/2023\/03\/WhatsApp-Image-2023-03-24-at-12.10.32-PM-1024x768.jpeg\" class=\"attachment-large size-large\" alt=\"\" srcset=\"https:\/\/seminariospc.edu.co\/wp-content\/uploads\/2023\/03\/WhatsApp-Image-2023-03-24-at-12.10.32-PM-1024x768.jpeg 1024w, https:\/\/seminariospc.edu.co\/wp-content\/uploads\/2023\/03\/WhatsApp-Image-2023-03-24-at-12.10.32-PM-300x225.jpeg 300w, https:\/\/seminariospc.edu.co\/wp-content\/uploads\/2023\/03\/WhatsApp-Image-2023-03-24-at-12.10.32-PM-768x576.jpeg 768w, https:\/\/seminariospc.edu.co\/wp-content\/uploads\/2023\/03\/WhatsApp-Image-2023-03-24-at-12.10.32-PM-1536x1152.jpeg 1536w, https:\/\/seminariospc.edu.co\/wp-content\/uploads\/2023\/03\/WhatsApp-Image-2023-03-24-at-12.10.32-PM.jpeg 1600w\" sizes=\"auto, (max-width: 1024px) 100vw, 1024px\" \/>\t\t\t\t\t\t\t\t\t\t\t\t\t\t\t<\/div>\n\t\t\t\t<\/div>\n\t\t\t\t\t<\/div>\n\t\t<\/div>\n\t\t\t\t\t\t\t<\/div>\n\t\t<\/section>\n\t\t\t\t<section class=\"elementor-section elementor-top-section elementor-element elementor-element-a4ca333 elementor-section-boxed elementor-section-height-default elementor-section-height-default\" data-id=\"a4ca333\" data-element_type=\"section\">\n\t\t\t\t\t\t<div class=\"elementor-container elementor-column-gap-default\">\n\t\t\t\t\t<div class=\"elementor-column elementor-col-100 elementor-top-column elementor-element elementor-element-0c5973e\" data-id=\"0c5973e\" data-element_type=\"column\">\n\t\t\t<div class=\"elementor-widget-wrap elementor-element-populated\">\n\t\t\t\t\t\t\t\t<div class=\"elementor-element elementor-element-6575319 elementor-widget elementor-widget-text-editor\" data-id=\"6575319\" data-element_type=\"widget\" data-widget_type=\"text-editor.default\">\n\t\t\t\t<div class=\"elementor-widget-container\">\n\t\t\t\t\t\t\t\t\t\t\t\t\t<\/div>\n\t\t\t\t<\/div>\n\t\t\t\t<div class=\"elementor-element elementor-element-753f023 elementor-tabs-view-horizontal elementor-widget elementor-widget-tabs\" data-id=\"753f023\" data-element_type=\"widget\" data-widget_type=\"tabs.default\">\n\t\t\t\t<div class=\"elementor-widget-container\">\n\t\t\t\t\t<div class=\"elementor-tabs\">\n\t\t\t<div class=\"elementor-tabs-wrapper\" role=\"tablist\" >\n\t\t\t\t\t\t\t\t\t<div id=\"elementor-tab-title-1221\" class=\"elementor-tab-title elementor-tab-desktop-title\" aria-selected=\"true\" data-tab=\"1\" role=\"tab\" tabindex=\"0\" aria-controls=\"elementor-tab-content-1221\" aria-expanded=\"false\">INTEGRANTES<\/div>\n\t\t\t\t\t\t\t\t\t<div id=\"elementor-tab-title-1222\" class=\"elementor-tab-title elementor-tab-desktop-title\" aria-selected=\"false\" data-tab=\"2\" role=\"tab\" tabindex=\"-1\" aria-controls=\"elementor-tab-content-1222\" aria-expanded=\"false\">FUNCIONES<\/div>\n\t\t\t\t\t\t\t<\/div>\n\t\t\t<div class=\"elementor-tabs-content-wrapper\" role=\"tablist\" aria-orientation=\"vertical\">\n\t\t\t\t\t\t\t\t\t<div class=\"elementor-tab-title elementor-tab-mobile-title\" aria-selected=\"true\" data-tab=\"1\" role=\"tab\" tabindex=\"0\" aria-controls=\"elementor-tab-content-1221\" aria-expanded=\"false\">INTEGRANTES<\/div>\n\t\t\t\t\t<div id=\"elementor-tab-content-1221\" class=\"elementor-tab-content elementor-clearfix\" data-tab=\"1\" role=\"tabpanel\" aria-labelledby=\"elementor-tab-title-1221\" tabindex=\"0\" hidden=\"false\"><p>. El Rector:\u00a0 Pbro. Ever De Arco Solano\u00a0<\/p><p>. El Coordinador de Convivencia: Psic. Yaneth Rozzo C\u00e1ceres<\/p><p>. El Orientador Escolar:\u00a0 Ps. Ang\u00e9lica Johanna Rueda Angarita<\/p><p>. El Personero Estudiantil: Est. Juan Pablo Ayala Jacho<\/p><p>. El Representante Docente: Prof. Bleidy Yolima Barrientos Cortes<\/p><p>. El Presidente del Consejo Estudiantil: Est. Jaider Alexander Palomino Cubillos<\/p><p>. El Presidente del Consejo de Padres: Sra. Mariluz N\u00fa\u00f1ez Herrera<\/p><\/div>\n\t\t\t\t\t\t\t\t\t<div class=\"elementor-tab-title elementor-tab-mobile-title\" aria-selected=\"false\" data-tab=\"2\" role=\"tab\" tabindex=\"-1\" aria-controls=\"elementor-tab-content-1222\" aria-expanded=\"false\">FUNCIONES<\/div>\n\t\t\t\t\t<div id=\"elementor-tab-content-1222\" class=\"elementor-tab-content elementor-clearfix\" data-tab=\"2\" role=\"tabpanel\" aria-labelledby=\"elementor-tab-title-1222\" tabindex=\"0\" hidden=\"hidden\"><h2>Son funciones<\/h2><ol><li><strong>Identificar<\/strong>, documentar, analizar y resolver los conflictos que se presenten entre docentes y estudiantes, directivos y estudiantes, entre estudiantes y entre docentes.<\/li><li><strong>Liderar<\/strong> en los establecimientos educativos acciones que fomenten la convivencia, la construcci\u00f3n de ciudadan\u00eda, el ejercicio de los derechos humanos, sexuales y reproductivos y la prevenci\u00f3n y mitigaci\u00f3n de la violencia escolar entre los miembros de la comunidad educativa.<\/li><li><strong>Promover<\/strong> la vinculaci\u00f3n de los establecimientos educativos a estrategias, programas y actividades de convivencia y construcci\u00f3n de ciudadan\u00eda que se adelanten en la regi\u00f3n y que respondan a las necesidades de su comunidad educativa.<\/li><li><strong>Convocar<\/strong> a un espacio de conciliaci\u00f3n para la resoluci\u00f3n de situaciones conflictivas que afecten la convivencia escolar, por solicitud de cualquiera de los miembros de la comunidad educativa o de oficio cuando se estime conveniente en procura de evitar perjuicios irremediables a los miembros de la comunidad educativa. El estudiante estar\u00e1 acompa\u00f1ado por el padre de familia, madre de familia, acudiente o un compa\u00f1ero del establecimiento educativo.<\/li><li><strong>Activar<\/strong> la Ruta de Atenci\u00f3n Integral para la Convivencia Escolar definida en el art\u00edculo 29 de la Ley 1620 de 2013, frente a situaciones espec\u00edficas de conflicto, de acoso escolar, frente a las conductas de alto riesgo de violencia escolar o de vulneraci\u00f3n de derechos sexuales y reproductivos que no pueden ser resueltos por este comit\u00e9 de acuerdo con lo establecido en el manual de convivencia, porque trascienden del \u00e1mbito escolar y revistan las caracter\u00edsticas de la comisi\u00f3n de una conducta punible, raz\u00f3n por la cual deben ser atendidos por otras instancias o autoridades que hacen parte de la estructura del Sistema y de la Ruta.<\/li><li><strong>Liderar<\/strong> el desarrollo de estrategias e instrumentos destinados a promover y evaluar la convivencia escolar, el ejercicio de los derechos humanos sexuales y reproductivos.<\/li><li><strong>Hacer<\/strong> seguimiento al cumplimiento de las disposiciones establecidas en este manual de convivencia y presentar informes a la respectiva instancia que hace parte de la estructura del Sistema Nacional de convivencia Escolar y Formaci\u00f3n para los Derechos Humanos, la Educaci\u00f3n para la Sexualidad y la Prevenci\u00f3n y Mitigaci\u00f3n de la Violencia Escolar, de los casos o situaciones que haya conocido el comit\u00e9.<\/li><li><strong>Proponer<\/strong>, <strong>analizar<\/strong> y <strong>viabilizar<\/strong> estrategias pedag\u00f3gicas que permitan la flexibilizaci\u00f3n del modelo pedag\u00f3gico y la articulaci\u00f3n de diferentes \u00e1reas de estudio que lean el contexto educativo y su pertenencia en la comunidad para determinar m\u00e1s y mejores maneras de relacionarse en la construcci\u00f3n de la ciudadan\u00eda.<\/li><\/ol><\/div>\n\t\t\t\t\t\t\t<\/div>\n\t\t<\/div>\n\t\t\t\t<\/div>\n\t\t\t\t<\/div>\n\t\t\t\t\t<\/div>\n\t\t<\/div>\n\t\t\t\t\t\t\t<\/div>\n\t\t<\/section>\n\t\t\t\t\t\t<\/div>\n\t\t\t\t\t<\/div>\n\t\t","protected":false},"excerpt":{"rendered":"<p>INTEGRANTES FUNCIONES INTEGRANTES . El Rector:\u00a0 Pbro. Ever De Arco Solano\u00a0 . El Coordinador de Convivencia: Psic. Yaneth Rozzo C\u00e1ceres . El Orientador Escolar:\u00a0 Ps. Ang\u00e9lica Johanna Rueda Angarita . El Personero Estudiantil: Est. Juan Pablo Ayala Jacho . El Representante Docente: Prof. Bleidy Yolima Barrientos Cortes . El Presidente del Consejo Estudiantil: Est. Jaider &hellip;<\/p>\n","protected":false},"author":1,"featured_media":0,"parent":0,"menu_order":0,"comment_status":"closed","ping_status":"closed","template":"","meta":{"footnotes":""},"class_list":["post-5286","page","type-page","status-publish","hentry"],"_links":{"self":[{"href":"https:\/\/seminariospc.edu.co\/index.php?rest_route=\/wp\/v2\/pages\/5286","targetHints":{"allow":["GET"]}}],"collection":[{"href":"https:\/\/seminariospc.edu.co\/index.php?rest_route=\/wp\/v2\/pages"}],"about":[{"href":"https:\/\/seminariospc.edu.co\/index.php?rest_route=\/wp\/v2\/types\/page"}],"author":[{"embeddable":true,"href":"https:\/\/seminariospc.edu.co\/index.php?rest_route=\/wp\/v2\/users\/1"}],"replies":[{"embeddable":true,"href":"https:\/\/seminariospc.edu.co\/index.php?rest_route=%2Fwp%2Fv2%2Fcomments&post=5286"}],"version-history":[{"count":13,"href":"https:\/\/seminariospc.edu.co\/index.php?rest_route=\/wp\/v2\/pages\/5286\/revisions"}],"predecessor-version":[{"id":5859,"href":"https:\/\/seminariospc.edu.co\/index.php?rest_route=\/wp\/v2\/pages\/5286\/revisions\/5859"}],"wp:attachment":[{"href":"https:\/\/seminariospc.edu.co\/index.php?rest_route=%2Fwp%2Fv2%2Fmedia&parent=5286"}],"curies":[{"name":"wp","href":"https:\/\/api.w.org\/{rel}","templated":true}]}}