{"id":6178,"date":"2024-02-28T16:26:46","date_gmt":"2024-02-28T16:26:46","guid":{"rendered":"https:\/\/seminariospc.edu.co\/?page_id=6178"},"modified":"2024-02-28T16:33:55","modified_gmt":"2024-02-28T16:33:55","slug":"ofrecimiento-del-dia","status":"publish","type":"page","link":"https:\/\/seminariospc.edu.co\/?page_id=6178","title":{"rendered":"Ofrecimiento del d\u00eda"},"content":{"rendered":"\t\t<div data-elementor-type=\"wp-page\" data-elementor-id=\"6178\" class=\"elementor elementor-6178\" data-elementor-settings=\"[]\">\n\t\t\t\t\t\t\t<div class=\"elementor-section-wrap\">\n\t\t\t\t\t\t\t<section class=\"elementor-section elementor-top-section elementor-element elementor-element-5e9a865 elementor-section-boxed elementor-section-height-default elementor-section-height-default\" data-id=\"5e9a865\" data-element_type=\"section\">\n\t\t\t\t\t\t<div class=\"elementor-container elementor-column-gap-default\">\n\t\t\t\t\t<div class=\"elementor-column elementor-col-100 elementor-top-column elementor-element elementor-element-60d677d\" data-id=\"60d677d\" data-element_type=\"column\">\n\t\t\t<div class=\"elementor-widget-wrap elementor-element-populated\">\n\t\t\t\t\t\t\t\t<div class=\"elementor-element elementor-element-8f61d96 elementor-widget elementor-widget-wp-widget-cityofwp_news_widget\" data-id=\"8f61d96\" data-element_type=\"widget\" data-widget_type=\"wp-widget-cityofwp_news_widget.default\">\n\t\t\t\t<div class=\"elementor-widget-container\">\n\t\t\t\t\t\r\n\t\t        \r\n        <div class=\"featured-widget\">\r\n\t\t\r\n        \t        \r\n                <h2 class=\"block ghost\">\r\n                \r\n                    <span class=\"maintitle\">Publicaciones<\/span>\r\n                    \r\n                                            <span class=\"subtitle\">Ofrecimientos del D\u00eda<\/span>\r\n                                            \r\n                <\/h2>\r\n\t\t\t\r\n                        \r\n\t\t\t            \r\n            \r\n\t\t\t            \r\n                <div class=\"blogger imgsmall-two\">\r\n                \r\n\t\t\t\t                \t          \t<div class=\"item normal tranz ghost post-6256 post type-post status-publish format-standard has-post-thumbnail hentry category-ofrecimiento-del-dia category-pastoral category-uncategorized\">\r\n  \t\t\t\t\r\n                    \r\n\t<p class=\"meta cat tranz ribbon \">\r\n\t\t<a href=\"https:\/\/seminariospc.edu.co\/?cat=32\" rel=\"category\">Ofrecimiento del d\u00eda<\/a> &bull; <a href=\"https:\/\/seminariospc.edu.co\/?cat=5\" rel=\"category\">Pastoral<\/a> &bull; <a href=\"https:\/\/seminariospc.edu.co\/?cat=1\" rel=\"category\">Uncategorized<\/a>    <\/p>\r\n         \r\n                <div class=\"entryhead\">\r\n                \r\n                \t<div class=\"icon-rating tranz\">\r\n            \r\n                    \t                    \r\n                    \t                    \r\n                    <\/div>\r\n    \r\n\t\t\t\t\t                    \r\n                        <div class=\"imgwrap\">\r\n                        \r\n                            <a href=\"https:\/\/seminariospc.edu.co\/?p=6256\">\r\n                                <img loading=\"lazy\" decoding=\"async\" width=\"411\" height=\"180\" src=\"https:\/\/seminariospc.edu.co\/wp-content\/uploads\/2024\/05\/WhatsApp-Image-2024-05-23-at-10.09.12-AM-411x180.jpeg\" class=\"standard grayscale grayscale-fade wp-post-image\" alt=\"\" srcset=\"https:\/\/seminariospc.edu.co\/wp-content\/uploads\/2024\/05\/WhatsApp-Image-2024-05-23-at-10.09.12-AM-411x180.jpeg 411w, https:\/\/seminariospc.edu.co\/wp-content\/uploads\/2024\/05\/WhatsApp-Image-2024-05-23-at-10.09.12-AM-864x380.jpeg 864w\" sizes=\"auto, (max-width: 411px) 100vw, 411px\" \/>                            <\/a>\r\n                        \r\n                        <\/div>\r\n    \r\n                     \r\n                \r\n                <\/div><!-- end .entryhead -->\r\n    \r\n            \t<div class=\"item_inn tranz p-border\">\r\n        \r\n                    <h2 class=\"posttitle\"><a class=\"link link--forsure\" href=\"https:\/\/seminariospc.edu.co\/?p=6256\">Te he regalado de Mi Paz que sobrepasa todo entendimiento.<\/a><\/h2>\r\n                    \r\n                    <p class=\"teaser\">Cuando sientas que el peso de lo que ocurre en el mundo te oprima, Clama a Mi, p\u00eddeme que te regale de Mi Paz, esa que puede serenar tu<span>...<\/span><\/p>\r\n                \r\n                    <div class=\"meta-general p-border\">\r\n                    \r\n                           \r\n\t<p class=\"meta p-border \">\r\n\t\t<i class=\"icon-clock\"><\/i> mayo 23, 2024    <\/p>\r\n    \r\n\t<p class=\"meta_more\">\r\n    \t\t<a href=\"https:\/\/seminariospc.edu.co\/?p=6256\">Read More <i class=\"fa fa-angle-right\"><\/i><\/a>\r\n    <\/p>\r\n                            \r\n                    <\/div>\r\n                \r\n                <\/div><!-- end .item_inn -->\r\n        \r\n            <\/div>            \r\n\t\t\t\t                \t          \t<div class=\"item normal tranz ghost post-6253 post type-post status-publish format-standard has-post-thumbnail hentry category-ofrecimiento-del-dia category-pastoral category-uncategorized\">\r\n  \t\t\t\t\r\n                    \r\n\t<p class=\"meta cat tranz ribbon \">\r\n\t\t<a href=\"https:\/\/seminariospc.edu.co\/?cat=32\" rel=\"category\">Ofrecimiento del d\u00eda<\/a> &bull; <a href=\"https:\/\/seminariospc.edu.co\/?cat=5\" rel=\"category\">Pastoral<\/a> &bull; <a href=\"https:\/\/seminariospc.edu.co\/?cat=1\" rel=\"category\">Uncategorized<\/a>    <\/p>\r\n         \r\n                <div class=\"entryhead\">\r\n                \r\n                \t<div class=\"icon-rating tranz\">\r\n            \r\n                    \t                    \r\n                    \t                    \r\n                    <\/div>\r\n    \r\n\t\t\t\t\t                    \r\n                        <div class=\"imgwrap\">\r\n                        \r\n                            <a href=\"https:\/\/seminariospc.edu.co\/?p=6253\">\r\n                                <img loading=\"lazy\" decoding=\"async\" width=\"411\" height=\"180\" src=\"https:\/\/seminariospc.edu.co\/wp-content\/uploads\/2024\/05\/WhatsApp-Image-2024-05-17-at-8.02.33-AM-411x180.jpeg\" class=\"standard grayscale grayscale-fade wp-post-image\" alt=\"\" srcset=\"https:\/\/seminariospc.edu.co\/wp-content\/uploads\/2024\/05\/WhatsApp-Image-2024-05-17-at-8.02.33-AM-411x180.jpeg 411w, https:\/\/seminariospc.edu.co\/wp-content\/uploads\/2024\/05\/WhatsApp-Image-2024-05-17-at-8.02.33-AM-864x380.jpeg 864w\" sizes=\"auto, (max-width: 411px) 100vw, 411px\" \/>                            <\/a>\r\n                        \r\n                        <\/div>\r\n    \r\n                     \r\n                \r\n                <\/div><!-- end .entryhead -->\r\n    \r\n            \t<div class=\"item_inn tranz p-border\">\r\n        \r\n                    <h2 class=\"posttitle\"><a class=\"link link--forsure\" href=\"https:\/\/seminariospc.edu.co\/?p=6253\">Posibilidades<\/a><\/h2>\r\n                    \r\n                    <p class=\"teaser\">Vivir en el mundo muchas veces implica pasar por un r\u00edo de incertidumbres y posibilidades.Cada situaci\u00f3n, desaf\u00edo y proceso que<span>...<\/span><\/p>\r\n                \r\n                    <div class=\"meta-general p-border\">\r\n                    \r\n                           \r\n\t<p class=\"meta p-border \">\r\n\t\t<i class=\"icon-clock\"><\/i> mayo 17, 2024    <\/p>\r\n    \r\n\t<p class=\"meta_more\">\r\n    \t\t<a href=\"https:\/\/seminariospc.edu.co\/?p=6253\">Read More <i class=\"fa fa-angle-right\"><\/i><\/a>\r\n    <\/p>\r\n                            \r\n                    <\/div>\r\n                \r\n                <\/div><!-- end .item_inn -->\r\n        \r\n            <\/div>            \r\n\t\t\t\t                \t          \t<div class=\"item normal tranz ghost post-6250 post type-post status-publish format-standard has-post-thumbnail hentry category-ofrecimiento-del-dia category-pastoral category-uncategorized\">\r\n  \t\t\t\t\r\n                    \r\n\t<p class=\"meta cat tranz ribbon \">\r\n\t\t<a href=\"https:\/\/seminariospc.edu.co\/?cat=32\" rel=\"category\">Ofrecimiento del d\u00eda<\/a> &bull; <a href=\"https:\/\/seminariospc.edu.co\/?cat=5\" rel=\"category\">Pastoral<\/a> &bull; <a href=\"https:\/\/seminariospc.edu.co\/?cat=1\" rel=\"category\">Uncategorized<\/a>    <\/p>\r\n         \r\n                <div class=\"entryhead\">\r\n                \r\n                \t<div class=\"icon-rating tranz\">\r\n            \r\n                    \t                    \r\n                    \t                    \r\n                    <\/div>\r\n    \r\n\t\t\t\t\t                    \r\n                        <div class=\"imgwrap\">\r\n                        \r\n                            <a href=\"https:\/\/seminariospc.edu.co\/?p=6250\">\r\n                                <img loading=\"lazy\" decoding=\"async\" width=\"411\" height=\"180\" src=\"https:\/\/seminariospc.edu.co\/wp-content\/uploads\/2024\/05\/WhatsApp-Image-2024-05-06-at-8.55.12-AM-411x180.jpeg\" class=\"standard grayscale grayscale-fade wp-post-image\" alt=\"\" srcset=\"https:\/\/seminariospc.edu.co\/wp-content\/uploads\/2024\/05\/WhatsApp-Image-2024-05-06-at-8.55.12-AM-411x180.jpeg 411w, https:\/\/seminariospc.edu.co\/wp-content\/uploads\/2024\/05\/WhatsApp-Image-2024-05-06-at-8.55.12-AM-864x380.jpeg 864w\" sizes=\"auto, (max-width: 411px) 100vw, 411px\" \/>                            <\/a>\r\n                        \r\n                        <\/div>\r\n    \r\n                     \r\n                \r\n                <\/div><!-- end .entryhead -->\r\n    \r\n            \t<div class=\"item_inn tranz p-border\">\r\n        \r\n                    <h2 class=\"posttitle\"><a class=\"link link--forsure\" href=\"https:\/\/seminariospc.edu.co\/?p=6250\">No he terminado contigo<\/a><\/h2>\r\n                    \r\n                    <p class=\"teaser\">No me canso de hacer el bien, esto quiere decir que no toda \u00e9poca de cosecha tiene que acabar, no hay fecha de caducidad para mis<span>...<\/span><\/p>\r\n                \r\n                    <div class=\"meta-general p-border\">\r\n                    \r\n                           \r\n\t<p class=\"meta p-border \">\r\n\t\t<i class=\"icon-clock\"><\/i> mayo 6, 2024    <\/p>\r\n    \r\n\t<p class=\"meta_more\">\r\n    \t\t<a href=\"https:\/\/seminariospc.edu.co\/?p=6250\">Read More <i class=\"fa fa-angle-right\"><\/i><\/a>\r\n    <\/p>\r\n                            \r\n                    <\/div>\r\n                \r\n                <\/div><!-- end .item_inn -->\r\n        \r\n            <\/div>            \r\n\t\t\t\t                \t          \t<div class=\"item normal tranz ghost post-6247 post type-post status-publish format-standard has-post-thumbnail hentry category-ofrecimiento-del-dia category-pastoral category-uncategorized\">\r\n  \t\t\t\t\r\n                    \r\n\t<p class=\"meta cat tranz ribbon \">\r\n\t\t<a href=\"https:\/\/seminariospc.edu.co\/?cat=32\" rel=\"category\">Ofrecimiento del d\u00eda<\/a> &bull; <a href=\"https:\/\/seminariospc.edu.co\/?cat=5\" rel=\"category\">Pastoral<\/a> &bull; <a href=\"https:\/\/seminariospc.edu.co\/?cat=1\" rel=\"category\">Uncategorized<\/a>    <\/p>\r\n         \r\n                <div class=\"entryhead\">\r\n                \r\n                \t<div class=\"icon-rating tranz\">\r\n            \r\n                    \t                    \r\n                    \t                    \r\n                    <\/div>\r\n    \r\n\t\t\t\t\t                    \r\n                        <div class=\"imgwrap\">\r\n                        \r\n                            <a href=\"https:\/\/seminariospc.edu.co\/?p=6247\">\r\n                                <img loading=\"lazy\" decoding=\"async\" width=\"411\" height=\"180\" src=\"https:\/\/seminariospc.edu.co\/wp-content\/uploads\/2024\/05\/WhatsApp-Image-2024-04-29-at-11.34.48-AM-411x180.jpeg\" class=\"standard grayscale grayscale-fade wp-post-image\" alt=\"\" srcset=\"https:\/\/seminariospc.edu.co\/wp-content\/uploads\/2024\/05\/WhatsApp-Image-2024-04-29-at-11.34.48-AM-411x180.jpeg 411w, https:\/\/seminariospc.edu.co\/wp-content\/uploads\/2024\/05\/WhatsApp-Image-2024-04-29-at-11.34.48-AM-864x380.jpeg 864w\" sizes=\"auto, (max-width: 411px) 100vw, 411px\" \/>                            <\/a>\r\n                        \r\n                        <\/div>\r\n    \r\n                     \r\n                \r\n                <\/div><!-- end .entryhead -->\r\n    \r\n            \t<div class=\"item_inn tranz p-border\">\r\n        \r\n                    <h2 class=\"posttitle\"><a class=\"link link--forsure\" href=\"https:\/\/seminariospc.edu.co\/?p=6247\">Corre hacia mi.<\/a><\/h2>\r\n                    \r\n                    <p class=\"teaser\">No hay ning\u00fan obst\u00e1culo que pueda impedir que me encuentres, b\u00fascame con todo tu coraz\u00f3n, levanta la mirada ante cualquier<span>...<\/span><\/p>\r\n                \r\n                    <div class=\"meta-general p-border\">\r\n                    \r\n                           \r\n\t<p class=\"meta p-border \">\r\n\t\t<i class=\"icon-clock\"><\/i> mayo 3, 2024    <\/p>\r\n    \r\n\t<p class=\"meta_more\">\r\n    \t\t<a href=\"https:\/\/seminariospc.edu.co\/?p=6247\">Read More <i class=\"fa fa-angle-right\"><\/i><\/a>\r\n    <\/p>\r\n                            \r\n                    <\/div>\r\n                \r\n                <\/div><!-- end .item_inn -->\r\n        \r\n            <\/div>            \r\n\t\t\t\t                \t          \t<div class=\"item normal tranz ghost post-6241 post type-post status-publish format-standard has-post-thumbnail hentry category-ofrecimiento-del-dia category-pastoral category-uncategorized\">\r\n  \t\t\t\t\r\n                    \r\n\t<p class=\"meta cat tranz ribbon \">\r\n\t\t<a href=\"https:\/\/seminariospc.edu.co\/?cat=32\" rel=\"category\">Ofrecimiento del d\u00eda<\/a> &bull; <a href=\"https:\/\/seminariospc.edu.co\/?cat=5\" rel=\"category\">Pastoral<\/a> &bull; <a href=\"https:\/\/seminariospc.edu.co\/?cat=1\" rel=\"category\">Uncategorized<\/a>    <\/p>\r\n         \r\n                <div class=\"entryhead\">\r\n                \r\n                \t<div class=\"icon-rating tranz\">\r\n            \r\n                    \t                    \r\n                    \t                    \r\n                    <\/div>\r\n    \r\n\t\t\t\t\t                    \r\n                        <div class=\"imgwrap\">\r\n                        \r\n                            <a href=\"https:\/\/seminariospc.edu.co\/?p=6241\">\r\n                                <img loading=\"lazy\" decoding=\"async\" width=\"411\" height=\"180\" src=\"https:\/\/seminariospc.edu.co\/wp-content\/uploads\/2024\/04\/WhatsApp-Image-2024-04-15-at-9.54.55-AM-411x180.jpeg\" class=\"standard grayscale grayscale-fade wp-post-image\" alt=\"\" srcset=\"https:\/\/seminariospc.edu.co\/wp-content\/uploads\/2024\/04\/WhatsApp-Image-2024-04-15-at-9.54.55-AM-411x180.jpeg 411w, https:\/\/seminariospc.edu.co\/wp-content\/uploads\/2024\/04\/WhatsApp-Image-2024-04-15-at-9.54.55-AM-864x380.jpeg 864w\" sizes=\"auto, (max-width: 411px) 100vw, 411px\" \/>                            <\/a>\r\n                        \r\n                        <\/div>\r\n    \r\n                     \r\n                \r\n                <\/div><!-- end .entryhead -->\r\n    \r\n            \t<div class=\"item_inn tranz p-border\">\r\n        \r\n                    <h2 class=\"posttitle\"><a class=\"link link--forsure\" href=\"https:\/\/seminariospc.edu.co\/?p=6241\">Creo en ti.<\/a><\/h2>\r\n                    \r\n                    <p class=\"teaser\">Creo en ti.S\u00e9 que en muchas ocasiones te sientes incapaz de lograr cosas en la vida, tambi\u00e9n entiendo que por momentos te sientas<span>...<\/span><\/p>\r\n                \r\n                    <div class=\"meta-general p-border\">\r\n                    \r\n                           \r\n\t<p class=\"meta p-border \">\r\n\t\t<i class=\"icon-clock\"><\/i> abril 15, 2024    <\/p>\r\n    \r\n\t<p class=\"meta_more\">\r\n    \t\t<a href=\"https:\/\/seminariospc.edu.co\/?p=6241\">Read More <i class=\"fa fa-angle-right\"><\/i><\/a>\r\n    <\/p>\r\n                            \r\n                    <\/div>\r\n                \r\n                <\/div><!-- end .item_inn -->\r\n        \r\n            <\/div>            \r\n\t\t\t\t                \r\n                                \r\n                <\/div>\r\n            \r\n\t\t\t<div class=\"clearfix\"><\/div>\r\n\t\t\r\n        <\/div>\r\n        \r\n\t\t\t\t<\/div>\n\t\t\t\t<\/div>\n\t\t\t\t\t<\/div>\n\t\t<\/div>\n\t\t\t\t\t\t\t<\/div>\n\t\t<\/section>\n\t\t\t\t\t\t<\/div>\n\t\t\t\t\t<\/div>\n\t\t","protected":false},"excerpt":{"rendered":"","protected":false},"author":3,"featured_media":0,"parent":0,"menu_order":0,"comment_status":"closed","ping_status":"closed","template":"","meta":{"footnotes":""},"class_list":["post-6178","page","type-page","status-publish","hentry"],"_links":{"self":[{"href":"https:\/\/seminariospc.edu.co\/index.php?rest_route=\/wp\/v2\/pages\/6178","targetHints":{"allow":["GET"]}}],"collection":[{"href":"https:\/\/seminariospc.edu.co\/index.php?rest_route=\/wp\/v2\/pages"}],"about":[{"href":"https:\/\/seminariospc.edu.co\/index.php?rest_route=\/wp\/v2\/types\/page"}],"author":[{"embeddable":true,"href":"https:\/\/seminariospc.edu.co\/index.php?rest_route=\/wp\/v2\/users\/3"}],"replies":[{"embeddable":true,"href":"https:\/\/seminariospc.edu.co\/index.php?rest_route=%2Fwp%2Fv2%2Fcomments&post=6178"}],"version-history":[{"count":5,"href":"https:\/\/seminariospc.edu.co\/index.php?rest_route=\/wp\/v2\/pages\/6178\/revisions"}],"predecessor-version":[{"id":6184,"href":"https:\/\/seminariospc.edu.co\/index.php?rest_route=\/wp\/v2\/pages\/6178\/revisions\/6184"}],"wp:attachment":[{"href":"https:\/\/seminariospc.edu.co\/index.php?rest_route=%2Fwp%2Fv2%2Fmedia&parent=6178"}],"curies":[{"name":"wp","href":"https:\/\/api.w.org\/{rel}","templated":true}]}}