{"id":6808,"date":"2026-01-31T14:01:48","date_gmt":"2026-01-31T14:01:48","guid":{"rendered":"https:\/\/seminariospc.edu.co\/?page_id=6808"},"modified":"2026-01-31T14:02:35","modified_gmt":"2026-01-31T14:02:35","slug":"proyecto-educativo-institucional","status":"publish","type":"page","link":"https:\/\/seminariospc.edu.co\/?page_id=6808","title":{"rendered":"PROYECTO EDUCATIVO INSTITUCIONAL"},"content":{"rendered":"\n<p>El PEI es mucho m\u00e1s que un documento legal; es el sue\u00f1o compartido que construimos d\u00eda a d\u00eda en el <strong>Seminario San Pedro Claver<\/strong>. Aqu\u00ed encontrar\u00e1s nuestra misi\u00f3n, visi\u00f3n y el modelo pedag\u00f3gico que nos permite transformar vidas a trav\u00e9s del conocimiento. Te invitamos a descargar y leer nuestra carta de navegaci\u00f3n para entender c\u00f3mo trabajamos juntos por el futuro de nuestros ni\u00f1os y j\u00f3venes.<\/p>\n\n\n\n<p>Ponemos a disposici\u00f3n de toda nuestra comunidad educativa el <strong>Proyecto Educativo Institucional (PEI)<\/strong>, el documento que define nuestra identidad y gu\u00eda nuestro quehacer pedag\u00f3gico. En \u00e9l se consignan los principios, valores, metas y estrategias que orientan la formaci\u00f3n integral de nuestros estudiantes. Invitamos a padres, alumnos y docentes a conocer las bases de nuestra propuesta educativa, fundamentada en la excelencia y el compromiso con el desarrollo social.<\/p>\n\n\n\n<div data-wp-interactive=\"core\/file\" class=\"wp-block-file\"><object data-wp-bind--hidden=\"!state.hasPdfPreview\" hidden class=\"wp-block-file__embed\" data=\"https:\/\/seminariospc.edu.co\/wp-content\/uploads\/2026\/01\/PEI-SEMINARIO-SAN-PERDO-CLAVER.pdf\" type=\"application\/pdf\" style=\"width:100%;height:600px\" aria-label=\"Incrustado de PEI-SEMINARIO SAN PERDO CLAVER.\"><\/object><a id=\"wp-block-file--media-26fcfc37-1e12-4f6d-bffa-97d28b8cb130\" href=\"https:\/\/seminariospc.edu.co\/wp-content\/uploads\/2026\/01\/PEI-SEMINARIO-SAN-PERDO-CLAVER.pdf\">PEI-SEMINARIO SAN PERDO CLAVER<\/a><a href=\"https:\/\/seminariospc.edu.co\/wp-content\/uploads\/2026\/01\/PEI-SEMINARIO-SAN-PERDO-CLAVER.pdf\" class=\"wp-block-file__button wp-element-button\" download aria-describedby=\"wp-block-file--media-26fcfc37-1e12-4f6d-bffa-97d28b8cb130\">Descargar<\/a><\/div>\n","protected":false},"excerpt":{"rendered":"<p>El PEI es mucho m\u00e1s que un documento legal; es el sue\u00f1o compartido que construimos d\u00eda a d\u00eda en el Seminario San Pedro Claver. Aqu\u00ed encontrar\u00e1s nuestra misi\u00f3n, visi\u00f3n y el modelo pedag\u00f3gico que nos permite transformar vidas a trav\u00e9s del conocimiento. Te invitamos a descargar y leer nuestra carta de navegaci\u00f3n para entender c\u00f3mo &hellip;<\/p>\n","protected":false},"author":1,"featured_media":6143,"parent":0,"menu_order":0,"comment_status":"closed","ping_status":"closed","template":"","meta":{"footnotes":""},"class_list":["post-6808","page","type-page","status-publish","has-post-thumbnail","hentry"],"_links":{"self":[{"href":"https:\/\/seminariospc.edu.co\/index.php?rest_route=\/wp\/v2\/pages\/6808","targetHints":{"allow":["GET"]}}],"collection":[{"href":"https:\/\/seminariospc.edu.co\/index.php?rest_route=\/wp\/v2\/pages"}],"about":[{"href":"https:\/\/seminariospc.edu.co\/index.php?rest_route=\/wp\/v2\/types\/page"}],"author":[{"embeddable":true,"href":"https:\/\/seminariospc.edu.co\/index.php?rest_route=\/wp\/v2\/users\/1"}],"replies":[{"embeddable":true,"href":"https:\/\/seminariospc.edu.co\/index.php?rest_route=%2Fwp%2Fv2%2Fcomments&post=6808"}],"version-history":[{"count":3,"href":"https:\/\/seminariospc.edu.co\/index.php?rest_route=\/wp\/v2\/pages\/6808\/revisions"}],"predecessor-version":[{"id":6812,"href":"https:\/\/seminariospc.edu.co\/index.php?rest_route=\/wp\/v2\/pages\/6808\/revisions\/6812"}],"wp:featuredmedia":[{"embeddable":true,"href":"https:\/\/seminariospc.edu.co\/index.php?rest_route=\/wp\/v2\/media\/6143"}],"wp:attachment":[{"href":"https:\/\/seminariospc.edu.co\/index.php?rest_route=%2Fwp%2Fv2%2Fmedia&parent=6808"}],"curies":[{"name":"wp","href":"https:\/\/api.w.org\/{rel}","templated":true}]}}